{"id":1898,"date":"2022-04-05T18:12:01","date_gmt":"2022-04-05T18:12:01","guid":{"rendered":"http:\/\/estime.local\/?page_id=1898"},"modified":"2025-03-13T16:37:29","modified_gmt":"2025-03-13T16:37:29","slug":"a-propos","status":"publish","type":"page","link":"https:\/\/estime-ebenisterie.fr\/en\/a-propos\/","title":{"rendered":"About"},"content":{"rendered":"<style>.wp-block-kadence-spacer.kt-block-spacer-1898_20aa81-a7 .kt-block-spacer{height:175px;}.wp-block-kadence-spacer.kt-block-spacer-1898_20aa81-a7 .kt-divider{border-top-width:1px;height:1px;border-top-color:#ffffff;width:80%;border-top-style:solid;}<\/style>\n<div class=\"wp-block-kadence-spacer aligncenter kt-block-spacer-1898_20aa81-a7\"><div class=\"kt-block-spacer kt-block-spacer-halign-center\"><hr class=\"kt-divider\"\/><\/div><\/div>\n\n\n\n<h2 class=\"wp-block-heading has-text-align-center has-theme-palette-3-color has-text-color\">Backstages<\/h2>\n\n\n<style>.wp-block-kadence-spacer.kt-block-spacer-1898_72a900-4f .kt-block-spacer{height:100px;}.wp-block-kadence-spacer.kt-block-spacer-1898_72a900-4f .kt-divider{border-top-width:1px;height:1px;border-top-color:#ffffff;width:80%;border-top-style:solid;}<\/style>\n<div class=\"wp-block-kadence-spacer aligncenter kt-block-spacer-1898_72a900-4f\"><div class=\"kt-block-spacer kt-block-spacer-halign-center\"><hr class=\"kt-divider\"\/><\/div><\/div>\n\n\n<style>.kb-row-layout-id1898_201e6f-e4 > .kt-row-column-wrap{align-content:start;}:where(.kb-row-layout-id1898_201e6f-e4 > .kt-row-column-wrap) > .wp-block-kadence-column{justify-content:start;}.kb-row-layout-id1898_201e6f-e4 > .kt-row-column-wrap{column-gap:var(--global-kb-gap-md, 2rem);row-gap:var(--global-kb-gap-md, 2rem);max-width:1400px;margin-left:auto;margin-right:auto;padding-top:var(--global-kb-spacing-sm, 1.5rem);padding-bottom:var(--global-kb-spacing-sm, 1.5rem);}.kb-row-layout-id1898_201e6f-e4 > .kt-row-column-wrap > div:not(.added-for-specificity){grid-column:initial;}.kb-row-layout-id1898_201e6f-e4 > .kt-row-column-wrap{grid-template-columns:repeat(3, minmax(0, 1fr));}.kb-row-layout-id1898_201e6f-e4 > .kt-row-layout-overlay{opacity:0.30;}@media all and (max-width: 1024px){.kb-row-layout-id1898_201e6f-e4 > .kt-row-column-wrap > div:not(.added-for-specificity){grid-column:initial;}}@media all and (max-width: 1024px){.kb-row-layout-id1898_201e6f-e4 > .kt-row-column-wrap{grid-template-columns:repeat(3, minmax(0, 1fr));}}@media all and (max-width: 767px){.kb-row-layout-id1898_201e6f-e4 > .kt-row-column-wrap > div:not(.added-for-specificity){grid-column:initial;}.kb-row-layout-id1898_201e6f-e4 > .kt-row-column-wrap{grid-template-columns:minmax(0, 1fr);}}<\/style><div class=\"kb-row-layout-wrap kb-row-layout-id1898_201e6f-e4 alignfull wp-block-kadence-rowlayout\"><div class=\"kt-row-column-wrap kt-has-3-columns kt-row-layout-equal kt-tab-layout-inherit kt-mobile-layout-row kt-row-valign-top\">\n<style>.kadence-column1898_967190-0c > .kt-inside-inner-col,.kadence-column1898_967190-0c > .kt-inside-inner-col:before{border-top-left-radius:0px;border-top-right-radius:0px;border-bottom-right-radius:0px;border-bottom-left-radius:0px;}.kadence-column1898_967190-0c > .kt-inside-inner-col{column-gap:var(--global-kb-gap-sm, 1rem);}.kadence-column1898_967190-0c > .kt-inside-inner-col{flex-direction:column;}.kadence-column1898_967190-0c > .kt-inside-inner-col > .aligncenter{width:100%;}.kadence-column1898_967190-0c > .kt-inside-inner-col:before{opacity:0.3;}.kadence-column1898_967190-0c{position:relative;}@media all and (max-width: 1024px){.kadence-column1898_967190-0c > .kt-inside-inner-col{flex-direction:column;justify-content:center;}}@media all and (max-width: 767px){.kadence-column1898_967190-0c > .kt-inside-inner-col{flex-direction:column;justify-content:center;}}<\/style>\n<div class=\"wp-block-kadence-column kadence-column1898_967190-0c\"><div class=\"kt-inside-inner-col\"><\/div><\/div>\n\n\n<style>.kadence-column1898_e9cf64-ff > .kt-inside-inner-col,.kadence-column1898_e9cf64-ff > .kt-inside-inner-col:before{border-top-left-radius:0px;border-top-right-radius:0px;border-bottom-right-radius:0px;border-bottom-left-radius:0px;}.kadence-column1898_e9cf64-ff > .kt-inside-inner-col{column-gap:var(--global-kb-gap-sm, 1rem);}.kadence-column1898_e9cf64-ff > .kt-inside-inner-col{flex-direction:column;}.kadence-column1898_e9cf64-ff > .kt-inside-inner-col > .aligncenter{width:100%;}.kadence-column1898_e9cf64-ff > .kt-inside-inner-col:before{opacity:0.3;}.kadence-column1898_e9cf64-ff{position:relative;}@media all and (max-width: 1024px){.kadence-column1898_e9cf64-ff > .kt-inside-inner-col{flex-direction:column;justify-content:center;}}@media all and (max-width: 767px){.kadence-column1898_e9cf64-ff > .kt-inside-inner-col{flex-direction:column;justify-content:center;}}<\/style>\n<div class=\"wp-block-kadence-column kadence-column1898_e9cf64-ff\"><div class=\"kt-inside-inner-col\">\n<p class=\"translation-block\">My name is Mathieu BENSIMON, and I was born at the dawn of the nineties in the city of Lorient, located in the southern region of Brittany.<br> <br>Passionate about the creative professions and attached to meticulous work , I decided to join the Ecole de Cond\u00e9 in Bordeaux, where I did a first year of upgrading in Applied Art, followed by two years of BTS in Product Design.<br>I then chose combine these three years of study with the world of craftsmanship, by integrating training as a cabinetmaker at the \"Estampille\" training center in Haute Savoie.<br><br>During these courses, my study works greatly enrich and nourish my inspirations and my know-how.\n<br><br>This course allows me today to put these skills at the service of the art of habitat.<\/p>\n<\/div><\/div>\n\n\n<style>.kadence-column1898_1dc819-bc > .kt-inside-inner-col,.kadence-column1898_1dc819-bc > .kt-inside-inner-col:before{border-top-left-radius:0px;border-top-right-radius:0px;border-bottom-right-radius:0px;border-bottom-left-radius:0px;}.kadence-column1898_1dc819-bc > .kt-inside-inner-col{column-gap:var(--global-kb-gap-sm, 1rem);}.kadence-column1898_1dc819-bc > .kt-inside-inner-col{flex-direction:column;}.kadence-column1898_1dc819-bc > .kt-inside-inner-col > .aligncenter{width:100%;}.kadence-column1898_1dc819-bc > .kt-inside-inner-col:before{opacity:0.3;}.kadence-column1898_1dc819-bc{position:relative;}@media all and (max-width: 1024px){.kadence-column1898_1dc819-bc > .kt-inside-inner-col{flex-direction:column;justify-content:center;}}@media all and (max-width: 767px){.kadence-column1898_1dc819-bc > .kt-inside-inner-col{flex-direction:column;justify-content:center;}}<\/style>\n<div class=\"wp-block-kadence-column kadence-column1898_1dc819-bc\"><div class=\"kt-inside-inner-col\"><\/div><\/div>\n\n<\/div><\/div>\n\n<style>.kb-row-layout-id1898_18d996-43 > .kt-row-column-wrap{align-content:start;}:where(.kb-row-layout-id1898_18d996-43 > .kt-row-column-wrap) > .wp-block-kadence-column{justify-content:start;}.kb-row-layout-id1898_18d996-43 > .kt-row-column-wrap{column-gap:var(--global-kb-gap-md, 2rem);row-gap:var(--global-kb-gap-md, 2rem);max-width:1400px;margin-left:auto;margin-right:auto;padding-top:var(--global-kb-spacing-sm, 1.5rem);padding-bottom:var(--global-kb-spacing-sm, 1.5rem);}.kb-row-layout-id1898_18d996-43 > .kt-row-column-wrap > div:not(.added-for-specificity){grid-column:initial;}.kb-row-layout-id1898_18d996-43 > .kt-row-column-wrap{grid-template-columns:repeat(3, minmax(0, 1fr));}.kb-row-layout-id1898_18d996-43 > .kt-row-layout-overlay{opacity:0.30;}@media all and (max-width: 1024px){.kb-row-layout-id1898_18d996-43 > .kt-row-column-wrap > div:not(.added-for-specificity){grid-column:initial;}}@media all and (max-width: 1024px){.kb-row-layout-id1898_18d996-43 > .kt-row-column-wrap{grid-template-columns:repeat(3, minmax(0, 1fr));}}@media all and (max-width: 767px){.kb-row-layout-id1898_18d996-43 > .kt-row-column-wrap > div:not(.added-for-specificity){grid-column:initial;}.kb-row-layout-id1898_18d996-43 > .kt-row-column-wrap{grid-template-columns:minmax(0, 1fr);}}<\/style><div class=\"kb-row-layout-wrap kb-row-layout-id1898_18d996-43 alignfull wp-block-kadence-rowlayout\"><div class=\"kt-row-column-wrap kt-has-3-columns kt-row-layout-equal kt-tab-layout-inherit kt-mobile-layout-row kt-row-valign-top\">\n<style>.kadence-column1898_1746cf-c1 > .kt-inside-inner-col,.kadence-column1898_1746cf-c1 > .kt-inside-inner-col:before{border-top-left-radius:0px;border-top-right-radius:0px;border-bottom-right-radius:0px;border-bottom-left-radius:0px;}.kadence-column1898_1746cf-c1 > .kt-inside-inner-col{column-gap:var(--global-kb-gap-sm, 1rem);}.kadence-column1898_1746cf-c1 > .kt-inside-inner-col{flex-direction:column;}.kadence-column1898_1746cf-c1 > .kt-inside-inner-col > .aligncenter{width:100%;}.kadence-column1898_1746cf-c1 > .kt-inside-inner-col:before{opacity:0.3;}.kadence-column1898_1746cf-c1{position:relative;}@media all and (max-width: 1024px){.kadence-column1898_1746cf-c1 > .kt-inside-inner-col{flex-direction:column;justify-content:center;}}@media all and (max-width: 767px){.kadence-column1898_1746cf-c1 > .kt-inside-inner-col{flex-direction:column;justify-content:center;}}<\/style>\n<div class=\"wp-block-kadence-column kadence-column1898_1746cf-c1\"><div class=\"kt-inside-inner-col\"><\/div><\/div>\n\n\n<style>.kadence-column1898_b1471e-c0 > .kt-inside-inner-col,.kadence-column1898_b1471e-c0 > .kt-inside-inner-col:before{border-top-left-radius:0px;border-top-right-radius:0px;border-bottom-right-radius:0px;border-bottom-left-radius:0px;}.kadence-column1898_b1471e-c0 > .kt-inside-inner-col{column-gap:var(--global-kb-gap-sm, 1rem);}.kadence-column1898_b1471e-c0 > .kt-inside-inner-col{flex-direction:column;}.kadence-column1898_b1471e-c0 > .kt-inside-inner-col > .aligncenter{width:100%;}.kadence-column1898_b1471e-c0 > .kt-inside-inner-col:before{opacity:0.3;}.kadence-column1898_b1471e-c0{position:relative;}@media all and (max-width: 1024px){.kadence-column1898_b1471e-c0 > .kt-inside-inner-col{flex-direction:column;justify-content:center;}}@media all and (max-width: 767px){.kadence-column1898_b1471e-c0 > .kt-inside-inner-col{flex-direction:column;justify-content:center;}}<\/style>\n<div class=\"wp-block-kadence-column kadence-column1898_b1471e-c0\"><div class=\"kt-inside-inner-col\">\n<p><\/p>\n\n\n<style>.wp-block-kadence-advancedgallery .kb-gallery-type-masonry.kb-gallery-id-1898_ad2f94-b3{margin:-5px;}.kb-gallery-type-masonry.kb-gallery-id-1898_ad2f94-b3 .kadence-blocks-gallery-item{padding:5px;}.kb-gallery-id-1898_ad2f94-b3 .kadence-blocks-gallery-item .kb-gal-image-radius, .kb-gallery-id-1898_ad2f94-b3 .kb-slide-item .kb-gal-image-radius img{border-radius:0px 0px 0px 0px;;}<\/style><div class=\"kb-gallery-wrap-id-1898_ad2f94-b3 alignnone wp-block-kadence-advancedgallery\"><ul class=\"kb-gallery-ul kb-gallery-non-static kb-gallery-type-masonry kb-masonry-init kb-gallery-id-1898_ad2f94-b3 kb-gallery-caption-style-bottom-hover kb-gallery-filter-none\" data-image-filter=\"none\" data-item-selector=\".kadence-blocks-gallery-item\" data-lightbox-caption=\"true\" data-columns-xxl=\"1\" data-columns-xl=\"1\" data-columns-md=\"1\" data-columns-sm=\"1\" data-columns-xs=\"1\" data-columns-ss=\"1\"><li class=\"kadence-blocks-gallery-item\" tabindex=\"0\"><div class=\"kadence-blocks-gallery-item-inner\"><figure class=\"kb-gallery-figure kadence-blocks-gallery-item-hide-caption\"><div class=\"kb-gal-image-radius\" style=\"max-width:176px;\"><div class=\"kb-gallery-image-contain kadence-blocks-gallery-intrinsic\" style=\"padding-bottom:170%;\"><img loading=\"lazy\" decoding=\"async\" src=\"https:\/\/estime-ebenisterie.fr\/wp-content\/uploads\/2024\/07\/Mathieu-BENSIMON-176x300.png\" width=\"176\" height=\"300\" alt=\"\" data-full-image=\"https:\/\/estime-ebenisterie.fr\/wp-content\/uploads\/2024\/07\/Mathieu-BENSIMON.png\" data-light-image=\"https:\/\/estime-ebenisterie.fr\/wp-content\/uploads\/2024\/07\/Mathieu-BENSIMON.png\" data-id=\"4097\" class=\"wp-image-4097\" srcset=\"https:\/\/estime-ebenisterie.fr\/wp-content\/uploads\/2024\/07\/Mathieu-BENSIMON-176x300.png 176w, https:\/\/estime-ebenisterie.fr\/wp-content\/uploads\/2024\/07\/Mathieu-BENSIMON-7x12.png 7w, https:\/\/estime-ebenisterie.fr\/wp-content\/uploads\/2024\/07\/Mathieu-BENSIMON.png 283w\" sizes=\"auto, (max-width: 176px) 100vw, 176px\" \/><\/div><\/div><\/figure><\/div><\/li><\/ul><\/div><\/div><\/div>\n\n\n<style>.kadence-column1898_7dc797-73 > .kt-inside-inner-col,.kadence-column1898_7dc797-73 > .kt-inside-inner-col:before{border-top-left-radius:0px;border-top-right-radius:0px;border-bottom-right-radius:0px;border-bottom-left-radius:0px;}.kadence-column1898_7dc797-73 > .kt-inside-inner-col{column-gap:var(--global-kb-gap-sm, 1rem);}.kadence-column1898_7dc797-73 > .kt-inside-inner-col{flex-direction:column;}.kadence-column1898_7dc797-73 > .kt-inside-inner-col > .aligncenter{width:100%;}.kadence-column1898_7dc797-73 > .kt-inside-inner-col:before{opacity:0.3;}.kadence-column1898_7dc797-73{position:relative;}@media all and (max-width: 1024px){.kadence-column1898_7dc797-73 > .kt-inside-inner-col{flex-direction:column;justify-content:center;}}@media all and (max-width: 767px){.kadence-column1898_7dc797-73 > .kt-inside-inner-col{flex-direction:column;justify-content:center;}}<\/style>\n<div class=\"wp-block-kadence-column kadence-column1898_7dc797-73\"><div class=\"kt-inside-inner-col\"><\/div><\/div>\n\n<\/div><\/div>\n\n<style>.wp-block-kadence-spacer.kt-block-spacer-1898_016b58-f2 .kt-block-spacer{height:300px;}.wp-block-kadence-spacer.kt-block-spacer-1898_016b58-f2 .kt-divider{border-top-width:1px;height:1px;border-top-color:#ffffff;width:80%;border-top-style:solid;}<\/style>\n<div class=\"wp-block-kadence-spacer aligncenter kt-block-spacer-1898_016b58-f2\"><div class=\"kt-block-spacer kt-block-spacer-halign-center\"><hr class=\"kt-divider\"\/><\/div><\/div>","protected":false},"excerpt":{"rendered":"<p>Dans les coulisses d&rsquo;Estime Je m&rsquo;appelle Mathieu BENSIMON, et je suis n\u00e9 \u00e0 l&rsquo;aube des ann\u00e9es quatre vingt dix dans la ville de Lorient, situ\u00e9e en r\u00e9gion Bretagne sud. Passionn\u00e9 par les m\u00e9tiers de la cr\u00e9ation et attach\u00e9 au travail soign\u00e9, je d\u00e9cide d&rsquo;int\u00e9grer l&rsquo;\u00e9cole de Cond\u00e9 de Bordeaux, dans laquelle j&rsquo;effectue une premi\u00e8re ann\u00e9e&#8230;<\/p>","protected":false},"author":1,"featured_media":0,"parent":0,"menu_order":3,"comment_status":"closed","ping_status":"closed","template":"","meta":{"_kadence_starter_templates_imported_post":false,"_kad_post_transparent":"","_kad_post_title":"","_kad_post_layout":"","_kad_post_sidebar_id":"","_kad_post_content_style":"","_kad_post_vertical_padding":"default","_kad_post_feature":"","_kad_post_feature_position":"","_kad_post_header":false,"_kad_post_footer":false,"_kad_post_classname":"","footnotes":""},"class_list":["post-1898","page","type-page","status-publish","hentry"],"_links":{"self":[{"href":"https:\/\/estime-ebenisterie.fr\/en\/wp-json\/wp\/v2\/pages\/1898","targetHints":{"allow":["GET"]}}],"collection":[{"href":"https:\/\/estime-ebenisterie.fr\/en\/wp-json\/wp\/v2\/pages"}],"about":[{"href":"https:\/\/estime-ebenisterie.fr\/en\/wp-json\/wp\/v2\/types\/page"}],"author":[{"embeddable":true,"href":"https:\/\/estime-ebenisterie.fr\/en\/wp-json\/wp\/v2\/users\/1"}],"replies":[{"embeddable":true,"href":"https:\/\/estime-ebenisterie.fr\/en\/wp-json\/wp\/v2\/comments?post=1898"}],"version-history":[{"count":58,"href":"https:\/\/estime-ebenisterie.fr\/en\/wp-json\/wp\/v2\/pages\/1898\/revisions"}],"predecessor-version":[{"id":4307,"href":"https:\/\/estime-ebenisterie.fr\/en\/wp-json\/wp\/v2\/pages\/1898\/revisions\/4307"}],"wp:attachment":[{"href":"https:\/\/estime-ebenisterie.fr\/en\/wp-json\/wp\/v2\/media?parent=1898"}],"curies":[{"name":"wp","href":"https:\/\/api.w.org\/{rel}","templated":true}]}}