{"id":1900,"date":"2022-04-05T18:12:13","date_gmt":"2022-04-05T18:12:13","guid":{"rendered":"http:\/\/estime.local\/?page_id=1900"},"modified":"2025-03-14T08:42:34","modified_gmt":"2025-03-14T08:42:34","slug":"contact","status":"publish","type":"page","link":"https:\/\/estime-ebenisterie.fr\/en\/contact\/","title":{"rendered":"Contact"},"content":{"rendered":"<style>.wp-block-kadence-spacer.kt-block-spacer-1900_d08141-ff .kt-block-spacer{height:175px;}.wp-block-kadence-spacer.kt-block-spacer-1900_d08141-ff .kt-divider{border-top-width:1px;height:1px;border-top-color:#ffffff;width:80%;border-top-style:solid;}<\/style>\n<div class=\"wp-block-kadence-spacer aligncenter kt-block-spacer-1900_d08141-ff\"><div class=\"kt-block-spacer kt-block-spacer-halign-center\"><hr class=\"kt-divider\"\/><\/div><\/div>\n\n\n\n<h2 class=\"wp-block-heading has-text-align-center has-theme-palette-3-color has-text-color\">Write to Estime<\/h2>\n\n\n<style>.wp-block-kadence-spacer.kt-block-spacer-1900_5c1a21-af .kt-block-spacer{height:100px;}.wp-block-kadence-spacer.kt-block-spacer-1900_5c1a21-af .kt-divider{border-top-width:1px;height:1px;border-top-color:#ffffff;width:80%;border-top-style:solid;}<\/style>\n<div class=\"wp-block-kadence-spacer aligncenter kt-block-spacer-1900_5c1a21-af\"><div class=\"kt-block-spacer kt-block-spacer-halign-center\"><hr class=\"kt-divider\"\/><\/div><\/div>\n\n\n\n<p class=\"has-text-align-center\"><strong>DEMANDE DE DEVIS<\/strong><br><br>Les devis sont gratuits sur l&rsquo;ensemble des prestations propos\u00e9es.<br><br><strong>DEMANDE DE STAGE \/ APPRENTISSAGE<\/strong><br><br>Il n&rsquo;y a malheureusement pas de possibilit\u00e9 d\u2019accueil pour le moment.<br><\/p>\n\n\n<style>.wp-block-kadence-spacer.kt-block-spacer-1900_f9e699-aa .kt-block-spacer{height:100px;}.wp-block-kadence-spacer.kt-block-spacer-1900_f9e699-aa .kt-divider{border-top-width:1px;height:1px;border-top-color:#ffffff;width:80%;border-top-style:solid;}<\/style>\n<div class=\"wp-block-kadence-spacer aligncenter kt-block-spacer-1900_f9e699-aa\"><div class=\"kt-block-spacer kt-block-spacer-halign-center\"><hr class=\"kt-divider\"\/><\/div><\/div>\n\n\n<style>.kb-row-layout-id1900_15b5ea-21 > .kt-row-column-wrap{align-content:start;}:where(.kb-row-layout-id1900_15b5ea-21 > .kt-row-column-wrap) > .wp-block-kadence-column{justify-content:start;}.kb-row-layout-id1900_15b5ea-21 > .kt-row-column-wrap{column-gap:var(--global-kb-gap-md, 2rem);row-gap:var(--global-kb-gap-md, 2rem);max-width:1400px;margin-left:auto;margin-right:auto;padding-top:var(--global-kb-spacing-sm, 1.5rem);padding-bottom:var(--global-kb-spacing-sm, 1.5rem);grid-template-columns:minmax(0, calc(40% - ((var(--global-kb-gap-md, 2rem) * 1 )\/2)))minmax(0, calc(60% - ((var(--global-kb-gap-md, 2rem) * 1 )\/2)));}.kb-row-layout-id1900_15b5ea-21 > .kt-row-layout-overlay{opacity:0.30;}@media all and (max-width: 1024px){.kb-row-layout-id1900_15b5ea-21 > .kt-row-column-wrap{grid-template-columns:minmax(0, 1fr) minmax(0, 2fr);}}@media all and (max-width: 767px){.kb-row-layout-id1900_15b5ea-21 > .kt-row-column-wrap{grid-template-columns:minmax(0, 1fr);}}<\/style><div class=\"kb-row-layout-wrap kb-row-layout-id1900_15b5ea-21 alignfull wp-block-kadence-rowlayout\"><div class=\"kt-row-column-wrap kt-has-2-columns kt-row-layout-right-golden kt-tab-layout-inherit kt-mobile-layout-row kt-row-valign-top\">\n<style>.kadence-column1900_009804-66 > .kt-inside-inner-col,.kadence-column1900_009804-66 > .kt-inside-inner-col:before{border-top-left-radius:0px;border-top-right-radius:0px;border-bottom-right-radius:0px;border-bottom-left-radius:0px;}.kadence-column1900_009804-66 > .kt-inside-inner-col{column-gap:var(--global-kb-gap-sm, 1rem);}.kadence-column1900_009804-66 > .kt-inside-inner-col{flex-direction:column;}.kadence-column1900_009804-66 > .kt-inside-inner-col > .aligncenter{width:100%;}.kadence-column1900_009804-66 > .kt-inside-inner-col:before{opacity:0.3;}.kadence-column1900_009804-66{position:relative;}@media all and (max-width: 1024px){.kadence-column1900_009804-66 > .kt-inside-inner-col{flex-direction:column;justify-content:center;}}@media all and (max-width: 767px){.kadence-column1900_009804-66 > .kt-inside-inner-col{flex-direction:column;justify-content:center;}}<\/style>\n<div class=\"wp-block-kadence-column kadence-column1900_009804-66 inner-column-1\"><div class=\"kt-inside-inner-col\"><style>.kb-image1900_5bec5f-e5.kb-image-is-ratio-size, .kb-image1900_5bec5f-e5 .kb-image-is-ratio-size{max-width:376px;width:100%;}.wp-block-kadence-column > .kt-inside-inner-col > .kb-image1900_5bec5f-e5.kb-image-is-ratio-size, .wp-block-kadence-column > .kt-inside-inner-col > .kb-image1900_5bec5f-e5 .kb-image-is-ratio-size{align-self:unset;}.kb-image1900_5bec5f-e5{max-width:376px;}.image-is-svg.kb-image1900_5bec5f-e5{-webkit-flex:0 1 100%;flex:0 1 100%;}.image-is-svg.kb-image1900_5bec5f-e5 img{width:100%;}.kb-image1900_5bec5f-e5 .kb-image-has-overlay:after{opacity:0.3;}<\/style>\n<figure class=\"wp-block-kadence-image kb-image1900_5bec5f-e5 size-full kb-image-is-ratio-size\"><div class=\"kb-is-ratio-image kb-image-ratio-port34\"><img loading=\"lazy\" decoding=\"async\" width=\"1920\" height=\"905\" src=\"https:\/\/estime-ebenisterie.fr\/wp-content\/uploads\/2023\/01\/Carte-de-visite.136.jpg\" alt=\"\" class=\"kb-img wp-image-2968\" srcset=\"https:\/\/estime-ebenisterie.fr\/wp-content\/uploads\/2023\/01\/Carte-de-visite.136.jpg 1920w, https:\/\/estime-ebenisterie.fr\/wp-content\/uploads\/2023\/01\/Carte-de-visite.136-300x141.jpg 300w, https:\/\/estime-ebenisterie.fr\/wp-content\/uploads\/2023\/01\/Carte-de-visite.136-1024x483.jpg 1024w, https:\/\/estime-ebenisterie.fr\/wp-content\/uploads\/2023\/01\/Carte-de-visite.136-768x362.jpg 768w, https:\/\/estime-ebenisterie.fr\/wp-content\/uploads\/2023\/01\/Carte-de-visite.136-1536x724.jpg 1536w\" sizes=\"auto, (max-width: 1920px) 100vw, 1920px\" \/><\/div><\/figure>\n<\/div><\/div>\n\n\n<style>.kadence-column1900_2f776b-d1 > .kt-inside-inner-col,.kadence-column1900_2f776b-d1 > .kt-inside-inner-col:before{border-top-left-radius:0px;border-top-right-radius:0px;border-bottom-right-radius:0px;border-bottom-left-radius:0px;}.kadence-column1900_2f776b-d1 > .kt-inside-inner-col{column-gap:var(--global-kb-gap-sm, 1rem);}.kadence-column1900_2f776b-d1 > .kt-inside-inner-col{flex-direction:column;}.kadence-column1900_2f776b-d1 > .kt-inside-inner-col > .aligncenter{width:100%;}.kadence-column1900_2f776b-d1 > .kt-inside-inner-col:before{opacity:0.3;}.kadence-column1900_2f776b-d1{position:relative;}@media all and (max-width: 1024px){.kadence-column1900_2f776b-d1 > .kt-inside-inner-col{flex-direction:column;justify-content:center;}}@media all and (max-width: 767px){.kadence-column1900_2f776b-d1 > .kt-inside-inner-col{flex-direction:column;justify-content:center;}}<\/style>\n<div class=\"wp-block-kadence-column kadence-column1900_2f776b-d1 inner-column-2\"><div class=\"kt-inside-inner-col\"><style>.kadence-form-1900_48169f-c3 .kb-form .kadence-blocks-form-field .kb-forms-submit{color:var(--global-palette5, #4A5568);background:var(--global-palette3, #1A202C);}.kadence-form-1900_48169f-c3 .kb-form .kadence-blocks-form-field .kb-forms-submit:hover, .kadence-form-1900_48169f-c3 .kb-form .kadence-blocks-form-field .kb-forms-submit:focus {color:var(--global-palette5, #4A5568);background:var(--global-palette2, #2B6CB0);}.kadence-form-1900_48169f-c3 .kadence-blocks-form-success{color:#00dd19;border-color:#16d300;background:rgba(0, 255, 16, 0.09);}.kadence-form-1900_48169f-c3 .kadence-blocks-form-warning{color:#ff0000;border-color:rgba(255,0,0,0);background:rgba(255, 0, 0, 0.12);}.kb-form input.kadence-blocks-field.verify{opacity:0.0;position:absolute;top:0.0;left:0.0;width:0.0;height:0.0;z-index:-1;}<\/style>\n<div class=\"wp-block-kadence-form kadence-form-1900_48169f-c3 kb-form-wrap\"><form class=\"kb-form\" action=\"\" method=\"post\" data-error-message=\"Merci de remplir les champs comportant un ast\u00e9risque\" data-trp-original-action=\"\"><div class=\"kadence-blocks-form-field kb-field-desk-width-100 kb-input-size-standard\"><label for=\"kb_field_1900_48169f-c3_0\">Name<\/label><input name=\"kb_field_0\" id=\"kb_field_1900_48169f-c3_0\" data-label=\"Nom\" type=\"text\" placeholder=\"\" value=\"\" data-type=\"text\" class=\"kb-field kb-text-style-field kb-text-field kb-field-0\"\/><\/div><div class=\"kadence-blocks-form-field kb-form-field-1 kb-field-desk-width-100 kb-input-size-standard\"><label for=\"kb_field_1900_48169f-c3_1\">Email<span class=\"required\">*<\/span><\/label><input name=\"kb_field_1\" id=\"kb_field_1900_48169f-c3_1\" data-label=\"Email\" type=\"email\" placeholder=\"\" value=\"\" data-type=\"email\" class=\"kb-field kb-text-style-field kb-email-field kb-field-1\" data-required=\"yes\" data-required-message=\"Adresse mail manquante\" data-validation-message=\"Adresse mail invalide\"\/><\/div><div class=\"kadence-blocks-form-field kb-form-field-2 kb-field-desk-width-100 kb-input-size-standard\"><label for=\"kb_field_1900_48169f-c3_2\">Message<span class=\"required\">*<\/span><\/label><textarea name=\"kb_field_2\" id=\"kb_field_1900_48169f-c3_2\" data-label=\"Message\" type=\"textarea\" placeholder=\"\" data-type=\"textarea\" class=\"kb-field kb-text-style-field kb-textarea-field kb-field-2\" rows=\"4\" data-required=\"yes\" data-required-message=\"Message manquant\"><\/textarea><\/div><input type=\"hidden\" name=\"_kb_form_id\" value=\"1900_48169f-c3\"\/><input type=\"hidden\" name=\"_kb_form_post_id\" value=\"1900\"\/><input type=\"hidden\" name=\"action\" value=\"kb_process_ajax_submit\"\/><label class=\"kadence-verify-label\">Email<input class=\"kadence-blocks-field verify\" type=\"text\" name=\"_kb_verify_email\" autocomplete=\"new-password\" aria-hidden=\"true\" placeholder=\"Email\" tabindex=\"-1\" data-1p-ignore=\"true\" data-lpignore=\"true\" \/><\/label><div class=\"kadence-blocks-form-field kb-submit-field kb-field-desk-width-100\"><span id=\"kb_submit_label_1900_48169f-c3\" class=\"screen-reader-text kb-submit-desc-label\">Demande estime-ebenisterie.fr<\/span><button aria-describedby=\"kb_submit_label_1900_48169f-c3\" class=\"kb-forms-submit button kb-button-size-standard kb-button-width-auto\">Submit<\/button><\/div><input type=\"hidden\" name=\"trp-form-language\" value=\"en\"\/><\/form><\/div>\n<noscript><div class=\"kadence-blocks-form-message kadence-blocks-form-warning\">Please enable JavaScript in your browser to submit the form<\/div><style>.kadence-form-1900_48169f-c3 .kadence-blocks-form-field.kb-submit-field { display: none; }<\/style><\/noscript><\/div><\/div>\n\n<\/div><\/div>\n\n<style>.wp-block-kadence-spacer.kt-block-spacer-1900_076e21-f2 .kt-block-spacer{height:300px;}.wp-block-kadence-spacer.kt-block-spacer-1900_076e21-f2 .kt-divider{border-top-width:1px;height:1px;border-top-color:#ffffff;width:80%;border-top-style:solid;}<\/style>\n<div class=\"wp-block-kadence-spacer aligncenter kt-block-spacer-1900_076e21-f2\"><div class=\"kt-block-spacer kt-block-spacer-halign-center\"><hr class=\"kt-divider\"\/><\/div><\/div>","protected":false},"excerpt":{"rendered":"<p>\u00c9crire \u00e0 Estime DEMANDE DE DEVIS Les devis sont gratuits sur l&rsquo;ensemble des prestations propos\u00e9es. DEMANDE DE STAGE \/ APPRENTISSAGE Il n&rsquo;y a malheureusement pas de possibilit\u00e9 d\u2019accueil pour le moment.<\/p>","protected":false},"author":1,"featured_media":0,"parent":0,"menu_order":4,"comment_status":"closed","ping_status":"closed","template":"","meta":{"_kadence_starter_templates_imported_post":false,"_kad_post_transparent":"","_kad_post_title":"","_kad_post_layout":"","_kad_post_sidebar_id":"","_kad_post_content_style":"","_kad_post_vertical_padding":"","_kad_post_feature":"","_kad_post_feature_position":"","_kad_post_header":false,"_kad_post_footer":false,"_kad_post_classname":"","footnotes":""},"class_list":["post-1900","page","type-page","status-publish","hentry"],"_links":{"self":[{"href":"https:\/\/estime-ebenisterie.fr\/en\/wp-json\/wp\/v2\/pages\/1900","targetHints":{"allow":["GET"]}}],"collection":[{"href":"https:\/\/estime-ebenisterie.fr\/en\/wp-json\/wp\/v2\/pages"}],"about":[{"href":"https:\/\/estime-ebenisterie.fr\/en\/wp-json\/wp\/v2\/types\/page"}],"author":[{"embeddable":true,"href":"https:\/\/estime-ebenisterie.fr\/en\/wp-json\/wp\/v2\/users\/1"}],"replies":[{"embeddable":true,"href":"https:\/\/estime-ebenisterie.fr\/en\/wp-json\/wp\/v2\/comments?post=1900"}],"version-history":[{"count":62,"href":"https:\/\/estime-ebenisterie.fr\/en\/wp-json\/wp\/v2\/pages\/1900\/revisions"}],"predecessor-version":[{"id":4313,"href":"https:\/\/estime-ebenisterie.fr\/en\/wp-json\/wp\/v2\/pages\/1900\/revisions\/4313"}],"wp:attachment":[{"href":"https:\/\/estime-ebenisterie.fr\/en\/wp-json\/wp\/v2\/media?parent=1900"}],"curies":[{"name":"wp","href":"https:\/\/api.w.org\/{rel}","templated":true}]}}